{"id":242,"date":"2025-09-29T11:30:24","date_gmt":"2025-09-29T11:30:24","guid":{"rendered":"https:\/\/lettersbyme.com\/?page_id=242"},"modified":"2025-10-16T09:10:46","modified_gmt":"2025-10-16T09:10:46","slug":"sobre-carta-d","status":"publish","type":"page","link":"https:\/\/lettersbyme.com\/index.php\/sobre-carta-d\/","title":{"rendered":"Sobre nosotrxs"},"content":{"rendered":"\n<p><strong>Carta D \ud83d\udc8c<\/strong> es un medio digital local nacido en Sevilla. Somos un <strong>Diario, Digital y De historias<\/strong>, porque creemos que la actualidad se entiende mejor cuando se cuenta con cercan\u00eda.<\/p>\n\n\n\n<p>Aqu\u00ed hablamos de <strong>lo social, lo cultural y lo que mueve a nuestra ciudad<\/strong>, con una mirada cr\u00edtica pero tambi\u00e9n creativa. Queremos informar, entretener y abrir conversaci\u00f3n: combinar el rigor del periodismo con la frescura de nuevas voces.<\/p>\n\n\n\n<p>En <em>Carta D<\/em> encontrar\u00e1s <strong>actualidad social, cultura, eventos e historias locales<\/strong>, contadas con <strong>voz propia y desde dentro de la comunidad<\/strong>. Porque cada art\u00edculo es, al fin y al cabo, una carta que enviamos y compartimos con quienes hacen Sevilla d\u00eda a d\u00eda.<\/p>\n\n\n\n<div style=\"height:53px\" aria-hidden=\"true\" class=\"wp-block-spacer\"><\/div>\n\n\n\n<h2>Desde el remitente<\/h2>\n\n\n\n<p>Un vistazo a quienes escriben y editan <em>Carta D<\/em><\/p>\n\n\n\n<div class=\"wp-block-media-text alignwide is-stacked-on-mobile\" style=\"grid-template-columns:35% auto\"><figure class=\"wp-block-media-text__media\"><img decoding=\"async\" loading=\"lazy\" width=\"1200\" height=\"1200\" src=\"https:\/\/lettersbyme.com\/wp-content\/uploads\/2025\/10\/Elena-edited.jpeg\" alt=\"\" class=\"wp-image-280 size-full\" srcset=\"https:\/\/lettersbyme.com\/wp-content\/uploads\/2025\/10\/Elena-edited.jpeg 1200w, https:\/\/lettersbyme.com\/wp-content\/uploads\/2025\/10\/Elena-edited-300x300.jpeg 300w, https:\/\/lettersbyme.com\/wp-content\/uploads\/2025\/10\/Elena-edited-1024x1024.jpeg 1024w, https:\/\/lettersbyme.com\/wp-content\/uploads\/2025\/10\/Elena-edited-150x150.jpeg 150w, https:\/\/lettersbyme.com\/wp-content\/uploads\/2025\/10\/Elena-edited-768x768.jpeg 768w, https:\/\/lettersbyme.com\/wp-content\/uploads\/2025\/10\/Elena-edited-800x800.jpeg 800w\" sizes=\"(max-width: 1200px) 100vw, 1200px\" \/><\/figure><div class=\"wp-block-media-text__content\">\n<p><strong>Elena V\u00e1zquez Palacios<\/strong><\/p>\n\n\n\n<p>Periodista observadora y lectora empedernida que se convenci\u00f3 de estudiar periodismo gracias a <em>Gilmore Girls<\/em>. Sue\u00f1a con completar la lista de lectura de Rory. Lee, observa, subraya y escribe, buscando que cada texto tenga un poco de arte y de verdad.<\/p>\n<\/div><\/div>\n\n\n\n<div class=\"wp-block-media-text alignwide has-media-on-the-right is-stacked-on-mobile\" style=\"grid-template-columns:auto 35%\"><div class=\"wp-block-media-text__content\">\n<p><strong>Romyna Silva Ossand\u00f3n<\/strong><\/p>\n\n\n\n<p>Periodista curiosa, <em>cafein\u00f3mana<\/em> y un poco dram\u00e1tica que descubri\u00f3 su vocaci\u00f3n entre los noticieros de <em>31 Minutos<\/em>. Cree en el poder de la cultura, de los proyectos autogestionados y de una historia escrita con una taza en mano. Miranda Priestly es su gu\u00eda espiritual.<\/p>\n<\/div><figure class=\"wp-block-media-text__media\"><img decoding=\"async\" loading=\"lazy\" width=\"1017\" height=\"1017\" src=\"https:\/\/lettersbyme.com\/wp-content\/uploads\/2025\/10\/Romyna-1-edited.jpg\" alt=\"\" class=\"wp-image-286 size-full\" srcset=\"https:\/\/lettersbyme.com\/wp-content\/uploads\/2025\/10\/Romyna-1-edited.jpg 1017w, https:\/\/lettersbyme.com\/wp-content\/uploads\/2025\/10\/Romyna-1-edited-300x300.jpg 300w, https:\/\/lettersbyme.com\/wp-content\/uploads\/2025\/10\/Romyna-1-edited-150x150.jpg 150w, https:\/\/lettersbyme.com\/wp-content\/uploads\/2025\/10\/Romyna-1-edited-768x768.jpg 768w, https:\/\/lettersbyme.com\/wp-content\/uploads\/2025\/10\/Romyna-1-edited-800x800.jpg 800w\" sizes=\"(max-width: 1017px) 100vw, 1017px\" \/><\/figure><\/div>\n","protected":false},"excerpt":{"rendered":"<p>Carta D \ud83d\udc8c es un medio digital local nacido en Sevilla. Somos un Diario, Digital y De historias, porque creemos que la actualidad se entiende<\/p>\n","protected":false},"author":1,"featured_media":0,"parent":0,"menu_order":0,"comment_status":"closed","ping_status":"closed","template":"","meta":{"om_disable_all_campaigns":false,"_monsterinsights_skip_tracking":false,"_monsterinsights_sitenote_active":false,"_monsterinsights_sitenote_note":"","_monsterinsights_sitenote_category":0,"_uf_show_specific_survey":0,"_uf_disable_surveys":false},"aioseo_notices":[],"_links":{"self":[{"href":"https:\/\/lettersbyme.com\/index.php\/wp-json\/wp\/v2\/pages\/242"}],"collection":[{"href":"https:\/\/lettersbyme.com\/index.php\/wp-json\/wp\/v2\/pages"}],"about":[{"href":"https:\/\/lettersbyme.com\/index.php\/wp-json\/wp\/v2\/types\/page"}],"author":[{"embeddable":true,"href":"https:\/\/lettersbyme.com\/index.php\/wp-json\/wp\/v2\/users\/1"}],"replies":[{"embeddable":true,"href":"https:\/\/lettersbyme.com\/index.php\/wp-json\/wp\/v2\/comments?post=242"}],"version-history":[{"count":7,"href":"https:\/\/lettersbyme.com\/index.php\/wp-json\/wp\/v2\/pages\/242\/revisions"}],"predecessor-version":[{"id":291,"href":"https:\/\/lettersbyme.com\/index.php\/wp-json\/wp\/v2\/pages\/242\/revisions\/291"}],"wp:attachment":[{"href":"https:\/\/lettersbyme.com\/index.php\/wp-json\/wp\/v2\/media?parent=242"}],"curies":[{"name":"wp","href":"https:\/\/api.w.org\/{rel}","templated":true}]}}