{"id":569,"date":"2025-12-19T15:51:50","date_gmt":"2025-12-19T15:51:50","guid":{"rendered":"https:\/\/lettersbyme.com\/?page_id=569"},"modified":"2025-12-19T15:51:51","modified_gmt":"2025-12-19T15:51:51","slug":"navidad-en-chile","status":"publish","type":"page","link":"https:\/\/lettersbyme.com\/index.php\/navidad-en-chile\/","title":{"rendered":"Navidad en Chile"},"content":{"rendered":"\n<p>En Chile, la Navidad se vive principalmente en el \u00e1mbito familiar y comienza desde el 1 de diciembre. Muchas familias comienzan a decorar sus casas a principios del mes y a hacer planes para comprar los regalos. Los hogares suelen adornarse con luces navide\u00f1as, por dentro y por fuera, adem\u00e1s de adornos tem\u00e1ticos y el t\u00edpico \u00e1rbol, marcando el inicio de la temporada.<\/p>\n\n\n<div class=\"wp-block-image\">\n<figure class=\"alignright size-medium\"><img decoding=\"async\" loading=\"lazy\" width=\"224\" height=\"300\" src=\"https:\/\/lettersbyme.com\/wp-content\/uploads\/2025\/12\/IMG_20231223_212849-224x300.jpg\" alt=\"\" class=\"wp-image-545\" srcset=\"https:\/\/lettersbyme.com\/wp-content\/uploads\/2025\/12\/IMG_20231223_212849-224x300.jpg 224w, https:\/\/lettersbyme.com\/wp-content\/uploads\/2025\/12\/IMG_20231223_212849-766x1024.jpg 766w, https:\/\/lettersbyme.com\/wp-content\/uploads\/2025\/12\/IMG_20231223_212849-768x1026.jpg 768w, https:\/\/lettersbyme.com\/wp-content\/uploads\/2025\/12\/IMG_20231223_212849-1149x1536.jpg 1149w, https:\/\/lettersbyme.com\/wp-content\/uploads\/2025\/12\/IMG_20231223_212849-1532x2048.jpg 1532w, https:\/\/lettersbyme.com\/wp-content\/uploads\/2025\/12\/IMG_20231223_212849-scaled.jpg 1916w\" sizes=\"(max-width: 224px) 100vw, 224px\" \/><figcaption class=\"wp-element-caption\">Papas duquesas. ROMYNA SILVA<\/figcaption><\/figure><\/div>\n\n\n<p>La celebraci\u00f3n suele centrarse en una cena compartida y la apertura, a las 12 de la noche, de los regalos. Estos son tra\u00eddos m\u00e1gicamente a los hogares de los chilenos por el <em>Viejito Pascuero<\/em>, una versi\u00f3n de Pap\u00e1 Noel a veces representada con camiseta y shorts, adaptada al calor de las fechas en el sur del mundo.<\/p>\n\n\n\n<p> En hogares sin ni\u00f1os, la Navidad tiende a ser m\u00e1s modesta, pero mantiene los mismos rituales: villancicos, luces y una mesa preparada para reunirse. Entre los platos t\u00edpicos destacan las <strong>papas duquesas<\/strong>, un plato central, otras preparaciones fr\u00edas adaptadas al calor del verano y bebidas tradicionales como el <strong>cola de mono<\/strong>, un c\u00f3ctel dulce a base de leche, aguardiente, caf\u00e9 y especias.<\/p>\n\n\n<div class=\"wp-block-image\">\n<figure class=\"alignleft size-medium\"><img decoding=\"async\" loading=\"lazy\" width=\"200\" height=\"300\" src=\"https:\/\/lettersbyme.com\/wp-content\/uploads\/2025\/12\/elena-popova-Ef3ztIvYoS0-unsplash-200x300.jpg\" alt=\"\" class=\"wp-image-558\" srcset=\"https:\/\/lettersbyme.com\/wp-content\/uploads\/2025\/12\/elena-popova-Ef3ztIvYoS0-unsplash-200x300.jpg 200w, https:\/\/lettersbyme.com\/wp-content\/uploads\/2025\/12\/elena-popova-Ef3ztIvYoS0-unsplash-683x1024.jpg 683w, https:\/\/lettersbyme.com\/wp-content\/uploads\/2025\/12\/elena-popova-Ef3ztIvYoS0-unsplash-768x1152.jpg 768w, https:\/\/lettersbyme.com\/wp-content\/uploads\/2025\/12\/elena-popova-Ef3ztIvYoS0-unsplash-1024x1536.jpg 1024w, https:\/\/lettersbyme.com\/wp-content\/uploads\/2025\/12\/elena-popova-Ef3ztIvYoS0-unsplash-1365x2048.jpg 1365w, https:\/\/lettersbyme.com\/wp-content\/uploads\/2025\/12\/elena-popova-Ef3ztIvYoS0-unsplash-scaled.jpg 1707w\" sizes=\"(max-width: 200px) 100vw, 200px\" \/><\/figure><\/div>\n\n\n<p>Para muchas personas migrantes, la experiencia de celebrar lejos del pa\u00eds cambia con el tiempo. \u201cLa primera Navidad fuera no me choc\u00f3 tanto, incluso fue emocionante celebrarla en otro pa\u00eds\u201d, cuenta Javiera Sandoval, que lleva 5 a\u00f1os viviendo en Espa\u00f1a. Sin embargo, con los a\u00f1os la nostalgia se hace m\u00e1s presente. \u201cCada a\u00f1o extra\u00f1o m\u00e1s a mi familia, pero eso se siente en cualquier fecha\u201d, dice.<\/p>\n\n\n\n<p>Actualmente, migrantes celebran manteniendo las mismas costumbres, aunque en un formato m\u00e1s reducido, compartiendo la cena y los regalos con sus parejas. M\u00e1s que la fecha en s\u00ed, lo que marca la Navidad chilena es el encuentro familiar, un elemento que se mantiene como referencia incluso a la distancia.<\/p>\n","protected":false},"excerpt":{"rendered":"<p>En Chile, la Navidad se vive principalmente en el \u00e1mbito familiar y comienza desde el 1 de diciembre. Muchas familias comienzan a decorar sus casas<\/p>\n","protected":false},"author":1,"featured_media":0,"parent":0,"menu_order":0,"comment_status":"closed","ping_status":"closed","template":"","meta":{"om_disable_all_campaigns":false,"_monsterinsights_skip_tracking":false,"_monsterinsights_sitenote_active":false,"_monsterinsights_sitenote_note":"","_monsterinsights_sitenote_category":0,"_uf_show_specific_survey":0,"_uf_disable_surveys":false},"aioseo_notices":[],"_links":{"self":[{"href":"https:\/\/lettersbyme.com\/index.php\/wp-json\/wp\/v2\/pages\/569"}],"collection":[{"href":"https:\/\/lettersbyme.com\/index.php\/wp-json\/wp\/v2\/pages"}],"about":[{"href":"https:\/\/lettersbyme.com\/index.php\/wp-json\/wp\/v2\/types\/page"}],"author":[{"embeddable":true,"href":"https:\/\/lettersbyme.com\/index.php\/wp-json\/wp\/v2\/users\/1"}],"replies":[{"embeddable":true,"href":"https:\/\/lettersbyme.com\/index.php\/wp-json\/wp\/v2\/comments?post=569"}],"version-history":[{"count":1,"href":"https:\/\/lettersbyme.com\/index.php\/wp-json\/wp\/v2\/pages\/569\/revisions"}],"predecessor-version":[{"id":570,"href":"https:\/\/lettersbyme.com\/index.php\/wp-json\/wp\/v2\/pages\/569\/revisions\/570"}],"wp:attachment":[{"href":"https:\/\/lettersbyme.com\/index.php\/wp-json\/wp\/v2\/media?parent=569"}],"curies":[{"name":"wp","href":"https:\/\/api.w.org\/{rel}","templated":true}]}}