{"id":573,"date":"2025-12-19T15:54:33","date_gmt":"2025-12-19T15:54:33","guid":{"rendered":"https:\/\/lettersbyme.com\/?page_id=573"},"modified":"2025-12-19T15:54:33","modified_gmt":"2025-12-19T15:54:33","slug":"navidad-en-colombia","status":"publish","type":"page","link":"https:\/\/lettersbyme.com\/index.php\/navidad-en-colombia\/","title":{"rendered":"Navidad en Colombia"},"content":{"rendered":"\n<p>En Colombia, la Navidad no se limita a unos pocos d\u00edas: es un proceso que comienza con antelaci\u00f3n y ocupa buena parte del a\u00f1o. Desde septiembre empiezan las compras y, a partir del 1 de noviembre, muchas casas ya est\u00e1n decoradas. Luces, pesebres y adornos transforman los hogares en espacios plenamente navide\u00f1os, en una celebraci\u00f3n que se vive de forma intensa y colectiva.<\/p>\n\n\n<div class=\"wp-block-image\">\n<figure class=\"alignright size-medium\"><img decoding=\"async\" loading=\"lazy\" width=\"300\" height=\"200\" src=\"https:\/\/lettersbyme.com\/wp-content\/uploads\/2025\/12\/mike-labrum-fvl4b1gjpbk-unsplash-300x200.jpg\" alt=\"\" class=\"wp-image-552\" srcset=\"https:\/\/lettersbyme.com\/wp-content\/uploads\/2025\/12\/mike-labrum-fvl4b1gjpbk-unsplash-300x200.jpg 300w, https:\/\/lettersbyme.com\/wp-content\/uploads\/2025\/12\/mike-labrum-fvl4b1gjpbk-unsplash-1024x683.jpg 1024w, https:\/\/lettersbyme.com\/wp-content\/uploads\/2025\/12\/mike-labrum-fvl4b1gjpbk-unsplash-768x512.jpg 768w, https:\/\/lettersbyme.com\/wp-content\/uploads\/2025\/12\/mike-labrum-fvl4b1gjpbk-unsplash-1536x1024.jpg 1536w, https:\/\/lettersbyme.com\/wp-content\/uploads\/2025\/12\/mike-labrum-fvl4b1gjpbk-unsplash-2048x1365.jpg 2048w, https:\/\/lettersbyme.com\/wp-content\/uploads\/2025\/12\/mike-labrum-fvl4b1gjpbk-unsplash-600x400.jpg 600w\" sizes=\"(max-width: 300px) 100vw, 300px\" \/><\/figure><\/div>\n\n\n<p>Uno de los momentos m\u00e1s significativos es el <strong>D\u00eda de las Velitas<\/strong>, el 7 de diciembre, considerado para muchas familias el inicio oficial de la Navidad. Faroles, velas y calles iluminadas marcan una noche cargada de simbolismo. A partir de ah\u00ed se celebran las <strong>novenas<\/strong>, encuentros diarios alrededor del pesebre con cantos y oraciones, que refuerzan el car\u00e1cter familiar y comunitario de estas fechas. Los regalos llegan tradicionalmente con el <strong>Ni\u00f1o Dios<\/strong>, y en algunos casos tambi\u00e9n el 31 de diciembre o, de forma m\u00e1s puntual, en Reyes.<\/p>\n\n\n\n<p>Para quienes migran, el contraste puede ser fuerte. \u201cPasar de una Navidad tan grande y alumbrada a celebrarla aqu\u00ed fue un choque muy grande, se siente m\u00e1s solitaria\u201d, explica Esneidy Orozco, que hace 6 a\u00f1os vive en Espa\u00f1a. Aun as\u00ed, muchos mantienen intactos sus rituales: encender velitas, montar el \u00e1rbol y esperar los regalos del Ni\u00f1o Dios.<\/p>\n\n\n<div class=\"wp-block-image\">\n<figure class=\"alignleft size-medium is-resized\"><img decoding=\"async\" loading=\"lazy\" src=\"https:\/\/lettersbyme.com\/wp-content\/uploads\/2025\/12\/andy-holmes-5j7EenhzU2s-unsplash-300x200.jpg\" alt=\"\" class=\"wp-image-553\" width=\"300\" height=\"200\" srcset=\"https:\/\/lettersbyme.com\/wp-content\/uploads\/2025\/12\/andy-holmes-5j7EenhzU2s-unsplash-300x200.jpg 300w, https:\/\/lettersbyme.com\/wp-content\/uploads\/2025\/12\/andy-holmes-5j7EenhzU2s-unsplash-1024x683.jpg 1024w, https:\/\/lettersbyme.com\/wp-content\/uploads\/2025\/12\/andy-holmes-5j7EenhzU2s-unsplash-768x512.jpg 768w, https:\/\/lettersbyme.com\/wp-content\/uploads\/2025\/12\/andy-holmes-5j7EenhzU2s-unsplash-1536x1024.jpg 1536w, https:\/\/lettersbyme.com\/wp-content\/uploads\/2025\/12\/andy-holmes-5j7EenhzU2s-unsplash-2048x1365.jpg 2048w, https:\/\/lettersbyme.com\/wp-content\/uploads\/2025\/12\/andy-holmes-5j7EenhzU2s-unsplash-600x400.jpg 600w\" sizes=\"(max-width: 300px) 100vw, 300px\" \/><\/figure><\/div>\n\n\n<p>En Colombia, la Navidad es sin\u00f3nimo de encuentro. Lejos del pa\u00eds, conservar estas tradiciones se convierte en una forma de resistir la distancia y reconstruir el hogar, incluso cuando la celebraci\u00f3n se reduce a una o dos personas.<\/p>\n","protected":false},"excerpt":{"rendered":"<p>En Colombia, la Navidad no se limita a unos pocos d\u00edas: es un proceso que comienza con antelaci\u00f3n y ocupa buena parte del a\u00f1o. Desde<\/p>\n","protected":false},"author":1,"featured_media":0,"parent":0,"menu_order":0,"comment_status":"closed","ping_status":"closed","template":"","meta":{"om_disable_all_campaigns":false,"_monsterinsights_skip_tracking":false,"_monsterinsights_sitenote_active":false,"_monsterinsights_sitenote_note":"","_monsterinsights_sitenote_category":0,"_uf_show_specific_survey":0,"_uf_disable_surveys":false},"aioseo_notices":[],"_links":{"self":[{"href":"https:\/\/lettersbyme.com\/index.php\/wp-json\/wp\/v2\/pages\/573"}],"collection":[{"href":"https:\/\/lettersbyme.com\/index.php\/wp-json\/wp\/v2\/pages"}],"about":[{"href":"https:\/\/lettersbyme.com\/index.php\/wp-json\/wp\/v2\/types\/page"}],"author":[{"embeddable":true,"href":"https:\/\/lettersbyme.com\/index.php\/wp-json\/wp\/v2\/users\/1"}],"replies":[{"embeddable":true,"href":"https:\/\/lettersbyme.com\/index.php\/wp-json\/wp\/v2\/comments?post=573"}],"version-history":[{"count":1,"href":"https:\/\/lettersbyme.com\/index.php\/wp-json\/wp\/v2\/pages\/573\/revisions"}],"predecessor-version":[{"id":574,"href":"https:\/\/lettersbyme.com\/index.php\/wp-json\/wp\/v2\/pages\/573\/revisions\/574"}],"wp:attachment":[{"href":"https:\/\/lettersbyme.com\/index.php\/wp-json\/wp\/v2\/media?parent=573"}],"curies":[{"name":"wp","href":"https:\/\/api.w.org\/{rel}","templated":true}]}}