{"id":575,"date":"2025-12-19T15:55:18","date_gmt":"2025-12-19T15:55:18","guid":{"rendered":"https:\/\/lettersbyme.com\/?page_id=575"},"modified":"2025-12-19T15:55:18","modified_gmt":"2025-12-19T15:55:18","slug":"navidad-en-argentina","status":"publish","type":"page","link":"https:\/\/lettersbyme.com\/index.php\/navidad-en-argentina\/","title":{"rendered":"Navidad en Argentina"},"content":{"rendered":"\n<p>La Navidad en Argentina se celebra de forma muy similar a la espa\u00f1ola en cuanto a rituales y calendario: reuni\u00f3n familiar, cena compartida y espera hasta la medianoche para recibir el 25 de diciembre. La gran diferencia est\u00e1 marcada por el clima. Mientras en Espa\u00f1a la Navidad se vive en pleno invierno, en Argentina coincide con el verano, lo que transforma el ambiente y, sobre todo, la comida.<\/p>\n\n\n<div class=\"wp-block-image\">\n<figure class=\"alignright size-medium\"><img decoding=\"async\" loading=\"lazy\" width=\"200\" height=\"300\" src=\"https:\/\/lettersbyme.com\/wp-content\/uploads\/2025\/12\/ivan-diaz-3vgZnnTbBnE-unsplash-200x300.jpg\" alt=\"\" class=\"wp-image-555\" srcset=\"https:\/\/lettersbyme.com\/wp-content\/uploads\/2025\/12\/ivan-diaz-3vgZnnTbBnE-unsplash-200x300.jpg 200w, https:\/\/lettersbyme.com\/wp-content\/uploads\/2025\/12\/ivan-diaz-3vgZnnTbBnE-unsplash-683x1024.jpg 683w, https:\/\/lettersbyme.com\/wp-content\/uploads\/2025\/12\/ivan-diaz-3vgZnnTbBnE-unsplash-768x1152.jpg 768w, https:\/\/lettersbyme.com\/wp-content\/uploads\/2025\/12\/ivan-diaz-3vgZnnTbBnE-unsplash-1024x1536.jpg 1024w, https:\/\/lettersbyme.com\/wp-content\/uploads\/2025\/12\/ivan-diaz-3vgZnnTbBnE-unsplash-1365x2048.jpg 1365w, https:\/\/lettersbyme.com\/wp-content\/uploads\/2025\/12\/ivan-diaz-3vgZnnTbBnE-unsplash-scaled.jpg 1707w\" sizes=\"(max-width: 200px) 100vw, 200px\" \/><\/figure><\/div>\n\n\n<p>Las celebraciones suelen extenderse a la calle. Es habitual el uso de fuegos artificiales, el ruido de los cohetes y una mayor presencia de gente en espacios abiertos, algo que contrasta con celebraciones m\u00e1s tranquilas y recogidas como las que se viven en muchas ciudades espa\u00f1olas. \u201cLa primera vez que pas\u00e9 la Navidad aqu\u00ed me llam\u00f3 la atenci\u00f3n el silencio, el fr\u00edo y que hubiera tan poca gente en la calle\u201d, recuerda Cristian Gallardo, argentino cuyo segundo hogar es Espa\u00f1a.<\/p>\n\n\n\n<p>En la mesa tambi\u00e9n se notan las diferencias. En Argentina predominan comidas m\u00e1s ligeras, propias del calor, y el consumo de carne vacuna es central, mientras que en Espa\u00f1a son m\u00e1s habituales el pescado y el marisco. Con el tiempo, muchas personas migrantes mezclan ambas tradiciones, adaptando platos y costumbres.<\/p>\n\n\n<div class=\"wp-block-image\">\n<figure class=\"alignleft size-medium\"><img decoding=\"async\" loading=\"lazy\" width=\"300\" height=\"200\" src=\"https:\/\/lettersbyme.com\/wp-content\/uploads\/2025\/12\/designecologist-5mj5jLhYWpY-unsplash-300x200.jpg\" alt=\"\" class=\"wp-image-556\" srcset=\"https:\/\/lettersbyme.com\/wp-content\/uploads\/2025\/12\/designecologist-5mj5jLhYWpY-unsplash-300x200.jpg 300w, https:\/\/lettersbyme.com\/wp-content\/uploads\/2025\/12\/designecologist-5mj5jLhYWpY-unsplash-1024x683.jpg 1024w, https:\/\/lettersbyme.com\/wp-content\/uploads\/2025\/12\/designecologist-5mj5jLhYWpY-unsplash-768x512.jpg 768w, https:\/\/lettersbyme.com\/wp-content\/uploads\/2025\/12\/designecologist-5mj5jLhYWpY-unsplash-1536x1024.jpg 1536w, https:\/\/lettersbyme.com\/wp-content\/uploads\/2025\/12\/designecologist-5mj5jLhYWpY-unsplash-2048x1365.jpg 2048w, https:\/\/lettersbyme.com\/wp-content\/uploads\/2025\/12\/designecologist-5mj5jLhYWpY-unsplash-600x400.jpg 600w\" sizes=\"(max-width: 300px) 100vw, 300px\" \/><\/figure><\/div>\n\n\n<p>Para \u00e9l, la Navidad sigue siendo un espacio de uni\u00f3n. \u201cHogar no es un lugar f\u00edsico, es una sensaci\u00f3n: compartir una mesa, los olores, las canciones, incluso los silencios que se vuelven c\u00f3modos\u201d. Una idea que se mantiene intacta, incluso lejos del pa\u00eds de origen.<\/p>\n","protected":false},"excerpt":{"rendered":"<p>La Navidad en Argentina se celebra de forma muy similar a la espa\u00f1ola en cuanto a rituales y calendario: reuni\u00f3n familiar, cena compartida y espera<\/p>\n","protected":false},"author":1,"featured_media":0,"parent":0,"menu_order":0,"comment_status":"closed","ping_status":"closed","template":"","meta":{"om_disable_all_campaigns":false,"_monsterinsights_skip_tracking":false,"_monsterinsights_sitenote_active":false,"_monsterinsights_sitenote_note":"","_monsterinsights_sitenote_category":0,"_uf_show_specific_survey":0,"_uf_disable_surveys":false},"aioseo_notices":[],"_links":{"self":[{"href":"https:\/\/lettersbyme.com\/index.php\/wp-json\/wp\/v2\/pages\/575"}],"collection":[{"href":"https:\/\/lettersbyme.com\/index.php\/wp-json\/wp\/v2\/pages"}],"about":[{"href":"https:\/\/lettersbyme.com\/index.php\/wp-json\/wp\/v2\/types\/page"}],"author":[{"embeddable":true,"href":"https:\/\/lettersbyme.com\/index.php\/wp-json\/wp\/v2\/users\/1"}],"replies":[{"embeddable":true,"href":"https:\/\/lettersbyme.com\/index.php\/wp-json\/wp\/v2\/comments?post=575"}],"version-history":[{"count":1,"href":"https:\/\/lettersbyme.com\/index.php\/wp-json\/wp\/v2\/pages\/575\/revisions"}],"predecessor-version":[{"id":576,"href":"https:\/\/lettersbyme.com\/index.php\/wp-json\/wp\/v2\/pages\/575\/revisions\/576"}],"wp:attachment":[{"href":"https:\/\/lettersbyme.com\/index.php\/wp-json\/wp\/v2\/media?parent=575"}],"curies":[{"name":"wp","href":"https:\/\/api.w.org\/{rel}","templated":true}]}}